{"id":71,"date":"2020-04-13T11:18:48","date_gmt":"2020-04-13T11:18:48","guid":{"rendered":"http:\/\/chcembytkrasna.sk\/?page_id=71"},"modified":"2023-06-13T22:15:01","modified_gmt":"2023-06-13T20:15:01","slug":"contact","status":"publish","type":"page","link":"http:\/\/chcembytkrasna.sk\/?page_id=71","title":{"rendered":"Kontakt"},"content":{"rendered":"\t\t<div data-elementor-type=\"wp-page\" data-elementor-id=\"71\" class=\"elementor elementor-71\" data-elementor-settings=\"[]\">\n\t\t\t\t\t\t<div class=\"elementor-inner\">\n\t\t\t\t\t\t\t<div class=\"elementor-section-wrap\">\n\t\t\t\t\t\t\t<section class=\"elementor-section elementor-top-section elementor-element elementor-element-affa3e9 elementor-section-content-middle elementor-reverse-mobile elementor-section-boxed elementor-section-height-default elementor-section-height-default\" data-id=\"affa3e9\" data-element_type=\"section\" data-settings=\"{&quot;background_background&quot;:&quot;classic&quot;}\">\n\t\t\t\t\t\t<div class=\"elementor-container elementor-column-gap-no\">\n\t\t\t\t\t\t\t<div class=\"elementor-row\">\n\t\t\t\t\t<div class=\"elementor-column elementor-col-33 elementor-top-column elementor-element elementor-element-4347efa\" data-id=\"4347efa\" data-element_type=\"column\" data-settings=\"{&quot;background_background&quot;:&quot;classic&quot;}\">\n\t\t\t<div class=\"elementor-column-wrap elementor-element-populated\">\n\t\t\t\t\t\t\t<div class=\"elementor-widget-wrap\">\n\t\t\t\t\t\t<div class=\"elementor-element elementor-element-c4f9c25 e-grid-align-left e-grid-align-mobile-center elementor-shape-rounded elementor-grid-0 elementor-widget elementor-widget-social-icons\" data-id=\"c4f9c25\" data-element_type=\"widget\" data-widget_type=\"social-icons.default\">\n\t\t\t\t<div class=\"elementor-widget-container\">\n\t\t\t\t\t<div class=\"elementor-social-icons-wrapper elementor-grid\">\n\t\t\t\t\t\t\t<span class=\"elementor-grid-item\">\n\t\t\t\t\t<a class=\"elementor-icon elementor-social-icon elementor-social-icon-facebook elementor-repeater-item-2f55736\">\n\t\t\t\t\t\t<span class=\"elementor-screen-only\">Facebook<\/span>\n\t\t\t\t\t\t<i class=\"fab fa-facebook\"><\/i>\t\t\t\t\t<\/a>\n\t\t\t\t<\/span>\n\t\t\t\t\t\t\t<span class=\"elementor-grid-item\">\n\t\t\t\t\t<a class=\"elementor-icon elementor-social-icon elementor-social-icon-instagram elementor-repeater-item-0b1baec\" href=\"https:\/\/www.instagram.com\/dr.krajcova\/\">\n\t\t\t\t\t\t<span class=\"elementor-screen-only\">Instagram<\/span>\n\t\t\t\t\t\t<i class=\"fab fa-instagram\"><\/i>\t\t\t\t\t<\/a>\n\t\t\t\t<\/span>\n\t\t\t\t\t<\/div>\n\t\t\t\t<\/div>\n\t\t\t\t<\/div>\n\t\t\t\t\t\t<\/div>\n\t\t\t\t\t<\/div>\n\t\t<\/div>\n\t\t\t\t<main class=\"elementor-column elementor-col-33 elementor-top-column elementor-element elementor-element-3c600d7\" data-id=\"3c600d7\" data-element_type=\"column\" data-settings=\"{&quot;background_background&quot;:&quot;classic&quot;}\">\n\t\t\t<div class=\"elementor-column-wrap elementor-element-populated\">\n\t\t\t\t\t\t\t<div class=\"elementor-widget-wrap\">\n\t\t\t\t\t\t<div class=\"elementor-element elementor-element-2006edb elementor-widget elementor-widget-heading\" data-id=\"2006edb\" data-element_type=\"widget\" data-widget_type=\"heading.default\">\n\t\t\t\t<div class=\"elementor-widget-container\">\n\t\t\t<h2 class=\"elementor-heading-title elementor-size-default\">Kontakt<\/h2>\t\t<\/div>\n\t\t\t\t<\/div>\n\t\t\t\t<div class=\"elementor-element elementor-element-eed3e44 elementor-position-left elementor-view-stacked elementor-vertical-align-middle elementor-shape-circle elementor-widget elementor-widget-icon-box\" data-id=\"eed3e44\" data-element_type=\"widget\" data-widget_type=\"icon-box.default\">\n\t\t\t\t<div class=\"elementor-widget-container\">\n\t\t\t\t\t<div class=\"elementor-icon-box-wrapper\">\n\t\t\t\t\t\t<div class=\"elementor-icon-box-icon\">\n\t\t\t\t<span class=\"elementor-icon elementor-animation-\" >\n\t\t\t\t<i aria-hidden=\"true\" class=\"far fa-envelope-open\"><\/i>\t\t\t\t<\/span>\n\t\t\t<\/div>\n\t\t\t\t\t\t<div class=\"elementor-icon-box-content\">\n\t\t\t\t<p class=\"elementor-icon-box-title\">\n\t\t\t\t\t<span ><b>E-mail <\/b><\/span>\n\t\t\t\t<\/p>\n\t\t\t\t\t\t\t\t<p class=\"elementor-icon-box-description\">dr.krajcova@gmail.com<\/p>\n\t\t\t\t\t\t\t<\/div>\n\t\t<\/div>\n\t\t\t\t<\/div>\n\t\t\t\t<\/div>\n\t\t\t\t<div class=\"elementor-element elementor-element-34df399 elementor-position-left elementor-view-stacked elementor-vertical-align-middle elementor-shape-circle elementor-widget elementor-widget-icon-box\" data-id=\"34df399\" data-element_type=\"widget\" data-widget_type=\"icon-box.default\">\n\t\t\t\t<div class=\"elementor-widget-container\">\n\t\t\t\t\t<div class=\"elementor-icon-box-wrapper\">\n\t\t\t\t\t\t<div class=\"elementor-icon-box-icon\">\n\t\t\t\t<span class=\"elementor-icon elementor-animation-\" >\n\t\t\t\t<svg xmlns=\"http:\/\/www.w3.org\/2000\/svg\" xmlns:xlink=\"http:\/\/www.w3.org\/1999\/xlink\" xmlns:svgjs=\"http:\/\/svgjs.com\/svgjs\" width=\"512\" height=\"512\" x=\"0\" y=\"0\" viewBox=\"0 0 512 512\" style=\"enable-background:new 0 0 512 512\" xml:space=\"preserve\" class=\"\"><g>\n<g xmlns=\"http:\/\/www.w3.org\/2000\/svg\">\n\t<g>\n\t\t<path d=\"M458.737,422.218l-22.865-288.116c-1.425-18.562-17.123-33.103-35.739-33.103H354.97v-2.03    C354.97,44.397,310.573,0,256.001,0s-98.969,44.397-98.969,98.969v2.03H111.87c-18.617,0-34.316,14.54-35.736,33.064    L53.262,422.257c-1.77,23.075,6.235,46.048,21.961,63.026C90.949,502.261,113.242,512,136.385,512h239.231    c23.142,0,45.436-9.738,61.163-26.717C452.505,468.304,460.509,445.332,458.737,422.218z M187.022,98.969    c0-38.035,30.945-68.979,68.979-68.979s68.979,30.945,68.979,68.979v2.03H187.022V98.969z M414.776,464.905    c-10.218,11.03-24.124,17.105-39.16,17.105h-239.23c-15.036,0-28.942-6.075-39.16-17.105    c-10.217-11.031-15.211-25.363-14.063-40.315l22.87-288.195c0.232-3.032,2.796-5.406,5.837-5.406h45.162v36.935    c0,8.281,6.714,14.995,14.995,14.995c8.281,0,14.995-6.714,14.995-14.995v-36.935H324.98v36.935    c0,8.281,6.714,14.995,14.995,14.995s14.995-6.714,14.995-14.995v-36.935h45.163c3.04,0,5.604,2.375,5.84,5.446l22.865,288.115    C429.988,439.542,424.993,453.873,414.776,464.905z\" fill=\"#ffffff\" data-original=\"#000000\" style=\"\" class=\"\"><\/path>\n\t<\/g>\n<\/g>\n<g xmlns=\"http:\/\/www.w3.org\/2000\/svg\">\n\t<g>\n\t\t<path d=\"M323.556,254.285c-5.854-5.856-15.349-5.856-21.204,0l-66.956,66.956l-25.746-25.746c-5.855-5.856-15.35-5.856-21.206,0    c-5.856,5.856-5.856,15.35,0,21.206l36.349,36.349c2.928,2.928,6.766,4.393,10.602,4.393s7.675-1.464,10.602-4.393l77.558-77.558    C329.412,269.635,329.412,260.141,323.556,254.285z\" fill=\"#ffffff\" data-original=\"#000000\" style=\"\" class=\"\"><\/path>\n\t<\/g>\n<\/g>\n<g xmlns=\"http:\/\/www.w3.org\/2000\/svg\">\n<\/g>\n<g xmlns=\"http:\/\/www.w3.org\/2000\/svg\">\n<\/g>\n<g xmlns=\"http:\/\/www.w3.org\/2000\/svg\">\n<\/g>\n<g xmlns=\"http:\/\/www.w3.org\/2000\/svg\">\n<\/g>\n<g xmlns=\"http:\/\/www.w3.org\/2000\/svg\">\n<\/g>\n<g xmlns=\"http:\/\/www.w3.org\/2000\/svg\">\n<\/g>\n<g xmlns=\"http:\/\/www.w3.org\/2000\/svg\">\n<\/g>\n<g xmlns=\"http:\/\/www.w3.org\/2000\/svg\">\n<\/g>\n<g xmlns=\"http:\/\/www.w3.org\/2000\/svg\">\n<\/g>\n<g xmlns=\"http:\/\/www.w3.org\/2000\/svg\">\n<\/g>\n<g xmlns=\"http:\/\/www.w3.org\/2000\/svg\">\n<\/g>\n<g xmlns=\"http:\/\/www.w3.org\/2000\/svg\">\n<\/g>\n<g xmlns=\"http:\/\/www.w3.org\/2000\/svg\">\n<\/g>\n<g xmlns=\"http:\/\/www.w3.org\/2000\/svg\">\n<\/g>\n<g xmlns=\"http:\/\/www.w3.org\/2000\/svg\">\n<\/g>\n<\/g><\/svg>\t\t\t\t<\/span>\n\t\t\t<\/div>\n\t\t\t\t\t\t<div class=\"elementor-icon-box-content\">\n\t\t\t\t<p class=\"elementor-icon-box-title\">\n\t\t\t\t\t<span ><b>NA OBJEDNANIE<\/b><\/span>\n\t\t\t\t<\/p>\n\t\t\t\t\t\t\t\t<p class=\"elementor-icon-box-description\">Aplik\u00e1cia botulotox\u00ednu a kyseliny hyalur\u00f3novej<\/p>\n\t\t\t\t\t\t\t<\/div>\n\t\t<\/div>\n\t\t\t\t<\/div>\n\t\t\t\t<\/div>\n\t\t\t\t\t\t<\/div>\n\t\t\t\t\t<\/div>\n\t\t<\/main>\n\t\t\t\t<div class=\"elementor-column elementor-col-33 elementor-top-column elementor-element elementor-element-38f6fe5\" data-id=\"38f6fe5\" data-element_type=\"column\">\n\t\t\t<div class=\"elementor-column-wrap elementor-element-populated\">\n\t\t\t\t\t\t\t<div class=\"elementor-widget-wrap\">\n\t\t\t\t\t\t<div class=\"elementor-element elementor-element-73af334 elementor-widget elementor-widget-image\" data-id=\"73af334\" data-element_type=\"widget\" data-widget_type=\"image.default\">\n\t\t\t\t<div class=\"elementor-widget-container\">\n\t\t\t\t\t\t\t\t<div class=\"elementor-image\">\n\t\t\t\t\t\t\t\t\t\t\t\t<img width=\"683\" height=\"1024\" src=\"http:\/\/chcembytkrasna.sk\/wp-content\/uploads\/2020\/08\/foto-107-kopie-1-683x1024.jpeg\" class=\"attachment-large size-large\" alt=\"\" loading=\"lazy\" srcset=\"http:\/\/chcembytkrasna.sk\/wp-content\/uploads\/2020\/08\/foto-107-kopie-1-683x1024.jpeg 683w, http:\/\/chcembytkrasna.sk\/wp-content\/uploads\/2020\/08\/foto-107-kopie-1-200x300.jpeg 200w, http:\/\/chcembytkrasna.sk\/wp-content\/uploads\/2020\/08\/foto-107-kopie-1-768x1152.jpeg 768w, http:\/\/chcembytkrasna.sk\/wp-content\/uploads\/2020\/08\/foto-107-kopie-1-1024x1536.jpeg 1024w, http:\/\/chcembytkrasna.sk\/wp-content\/uploads\/2020\/08\/foto-107-kopie-1-1365x2048.jpeg 1365w, http:\/\/chcembytkrasna.sk\/wp-content\/uploads\/2020\/08\/foto-107-kopie-1-scaled.jpeg 1707w\" sizes=\"(max-width: 683px) 100vw, 683px\" \/>\t\t\t\t\t\t\t\t\t\t\t\t\t\t<\/div>\n\t\t\t\t\t\t<\/div>\n\t\t\t\t<\/div>\n\t\t\t\t\t\t<\/div>\n\t\t\t\t\t<\/div>\n\t\t<\/div>\n\t\t\t\t\t\t\t\t<\/div>\n\t\t\t\t\t<\/div>\n\t\t<\/section>\n\t\t\t\t\t\t<\/div>\n\t\t\t\t\t\t<\/div>\n\t\t\t\t\t<\/div>\n\t\t","protected":false},"excerpt":{"rendered":"<p>Facebook Instagram Kontakt E-mail dr.krajcova@gmail.com NA OBJEDNANIE Aplik\u00e1cia botulotox\u00ednu a kyseliny hyalur\u00f3novej<\/p>\n","protected":false},"author":1,"featured_media":0,"parent":0,"menu_order":0,"comment_status":"closed","ping_status":"closed","template":"","meta":{"_monsterinsights_skip_tracking":false,"_monsterinsights_sitenote_active":false,"_monsterinsights_sitenote_note":"","_monsterinsights_sitenote_category":0},"yoast_head":"<!-- This site is optimized with the Yoast SEO plugin v16.8 - https:\/\/yoast.com\/wordpress\/plugins\/seo\/ -->\n<title>Kontakt - Chcem by\u0165 kr\u00e1sna<\/title>\n<meta name=\"robots\" content=\"index, follow, max-snippet:-1, max-image-preview:large, max-video-preview:-1\" \/>\n<link rel=\"canonical\" href=\"http:\/\/chcembytkrasna.sk\/?page_id=71\" \/>\n<meta property=\"og:locale\" content=\"sk_SK\" \/>\n<meta property=\"og:type\" content=\"article\" \/>\n<meta property=\"og:title\" content=\"Kontakt - Chcem by\u0165 kr\u00e1sna\" \/>\n<meta property=\"og:description\" content=\"Facebook Instagram Kontakt E-mail dr.krajcova@gmail.com NA OBJEDNANIE Aplik\u00e1cia botulotox\u00ednu a kyseliny hyalur\u00f3novej\" \/>\n<meta property=\"og:url\" content=\"http:\/\/chcembytkrasna.sk\/?page_id=71\" \/>\n<meta property=\"og:site_name\" content=\"Chcem by\u0165 kr\u00e1sna\" \/>\n<meta property=\"article:modified_time\" content=\"2023-06-13T20:15:01+00:00\" \/>\n<meta property=\"og:image\" content=\"http:\/\/chcembytkrasna.sk\/wp-content\/uploads\/2020\/08\/foto-107-kopie-1-683x1024.jpeg\" \/>\n<meta name=\"twitter:card\" content=\"summary_large_image\" \/>\n<meta name=\"twitter:label1\" content=\"Predpokladan\u00fd \u010das \u010d\u00edtania\" \/>\n\t<meta name=\"twitter:data1\" content=\"1 min\u00fata\" \/>\n<script type=\"application\/ld+json\" class=\"yoast-schema-graph\">{\"@context\":\"https:\/\/schema.org\",\"@graph\":[{\"@type\":\"WebSite\",\"@id\":\"http:\/\/chcembytkrasna.sk\/#website\",\"url\":\"http:\/\/chcembytkrasna.sk\/\",\"name\":\"Chcem by\\u0165 kr\\u00e1sna\",\"description\":\"Sylvia Kraj\\u010dov\\u00e1\",\"potentialAction\":[{\"@type\":\"SearchAction\",\"target\":{\"@type\":\"EntryPoint\",\"urlTemplate\":\"http:\/\/chcembytkrasna.sk\/?s={search_term_string}\"},\"query-input\":\"required name=search_term_string\"}],\"inLanguage\":\"sk-SK\"},{\"@type\":\"ImageObject\",\"@id\":\"http:\/\/chcembytkrasna.sk\/?page_id=71#primaryimage\",\"inLanguage\":\"sk-SK\",\"url\":\"http:\/\/chcembytkrasna.sk\/wp-content\/uploads\/2020\/08\/foto-107-kopie-1-683x1024.jpeg\",\"contentUrl\":\"http:\/\/chcembytkrasna.sk\/wp-content\/uploads\/2020\/08\/foto-107-kopie-1-683x1024.jpeg\"},{\"@type\":\"WebPage\",\"@id\":\"http:\/\/chcembytkrasna.sk\/?page_id=71#webpage\",\"url\":\"http:\/\/chcembytkrasna.sk\/?page_id=71\",\"name\":\"Kontakt - Chcem by\\u0165 kr\\u00e1sna\",\"isPartOf\":{\"@id\":\"http:\/\/chcembytkrasna.sk\/#website\"},\"primaryImageOfPage\":{\"@id\":\"http:\/\/chcembytkrasna.sk\/?page_id=71#primaryimage\"},\"datePublished\":\"2020-04-13T11:18:48+00:00\",\"dateModified\":\"2023-06-13T20:15:01+00:00\",\"breadcrumb\":{\"@id\":\"http:\/\/chcembytkrasna.sk\/?page_id=71#breadcrumb\"},\"inLanguage\":\"sk-SK\",\"potentialAction\":[{\"@type\":\"ReadAction\",\"target\":[\"http:\/\/chcembytkrasna.sk\/?page_id=71\"]}]},{\"@type\":\"BreadcrumbList\",\"@id\":\"http:\/\/chcembytkrasna.sk\/?page_id=71#breadcrumb\",\"itemListElement\":[{\"@type\":\"ListItem\",\"position\":1,\"name\":\"Home\",\"item\":\"http:\/\/chcembytkrasna.sk\/\"},{\"@type\":\"ListItem\",\"position\":2,\"name\":\"Kontakt\"}]}]}<\/script>\n<!-- \/ Yoast SEO plugin. -->","yoast_head_json":{"title":"Kontakt - Chcem by\u0165 kr\u00e1sna","robots":{"index":"index","follow":"follow","max-snippet":"max-snippet:-1","max-image-preview":"max-image-preview:large","max-video-preview":"max-video-preview:-1"},"canonical":"http:\/\/chcembytkrasna.sk\/?page_id=71","og_locale":"sk_SK","og_type":"article","og_title":"Kontakt - Chcem by\u0165 kr\u00e1sna","og_description":"Facebook Instagram Kontakt E-mail dr.krajcova@gmail.com NA OBJEDNANIE Aplik\u00e1cia botulotox\u00ednu a kyseliny hyalur\u00f3novej","og_url":"http:\/\/chcembytkrasna.sk\/?page_id=71","og_site_name":"Chcem by\u0165 kr\u00e1sna","article_modified_time":"2023-06-13T20:15:01+00:00","og_image":[{"url":"http:\/\/chcembytkrasna.sk\/wp-content\/uploads\/2020\/08\/foto-107-kopie-1-683x1024.jpeg"}],"twitter_card":"summary_large_image","twitter_misc":{"Predpokladan\u00fd \u010das \u010d\u00edtania":"1 min\u00fata"},"schema":{"@context":"https:\/\/schema.org","@graph":[{"@type":"WebSite","@id":"http:\/\/chcembytkrasna.sk\/#website","url":"http:\/\/chcembytkrasna.sk\/","name":"Chcem by\u0165 kr\u00e1sna","description":"Sylvia Kraj\u010dov\u00e1","potentialAction":[{"@type":"SearchAction","target":{"@type":"EntryPoint","urlTemplate":"http:\/\/chcembytkrasna.sk\/?s={search_term_string}"},"query-input":"required name=search_term_string"}],"inLanguage":"sk-SK"},{"@type":"ImageObject","@id":"http:\/\/chcembytkrasna.sk\/?page_id=71#primaryimage","inLanguage":"sk-SK","url":"http:\/\/chcembytkrasna.sk\/wp-content\/uploads\/2020\/08\/foto-107-kopie-1-683x1024.jpeg","contentUrl":"http:\/\/chcembytkrasna.sk\/wp-content\/uploads\/2020\/08\/foto-107-kopie-1-683x1024.jpeg"},{"@type":"WebPage","@id":"http:\/\/chcembytkrasna.sk\/?page_id=71#webpage","url":"http:\/\/chcembytkrasna.sk\/?page_id=71","name":"Kontakt - Chcem by\u0165 kr\u00e1sna","isPartOf":{"@id":"http:\/\/chcembytkrasna.sk\/#website"},"primaryImageOfPage":{"@id":"http:\/\/chcembytkrasna.sk\/?page_id=71#primaryimage"},"datePublished":"2020-04-13T11:18:48+00:00","dateModified":"2023-06-13T20:15:01+00:00","breadcrumb":{"@id":"http:\/\/chcembytkrasna.sk\/?page_id=71#breadcrumb"},"inLanguage":"sk-SK","potentialAction":[{"@type":"ReadAction","target":["http:\/\/chcembytkrasna.sk\/?page_id=71"]}]},{"@type":"BreadcrumbList","@id":"http:\/\/chcembytkrasna.sk\/?page_id=71#breadcrumb","itemListElement":[{"@type":"ListItem","position":1,"name":"Home","item":"http:\/\/chcembytkrasna.sk\/"},{"@type":"ListItem","position":2,"name":"Kontakt"}]}]}},"_links":{"self":[{"href":"http:\/\/chcembytkrasna.sk\/index.php?rest_route=\/wp\/v2\/pages\/71"}],"collection":[{"href":"http:\/\/chcembytkrasna.sk\/index.php?rest_route=\/wp\/v2\/pages"}],"about":[{"href":"http:\/\/chcembytkrasna.sk\/index.php?rest_route=\/wp\/v2\/types\/page"}],"author":[{"embeddable":true,"href":"http:\/\/chcembytkrasna.sk\/index.php?rest_route=\/wp\/v2\/users\/1"}],"replies":[{"embeddable":true,"href":"http:\/\/chcembytkrasna.sk\/index.php?rest_route=%2Fwp%2Fv2%2Fcomments&post=71"}],"version-history":[{"count":6,"href":"http:\/\/chcembytkrasna.sk\/index.php?rest_route=\/wp\/v2\/pages\/71\/revisions"}],"predecessor-version":[{"id":1901,"href":"http:\/\/chcembytkrasna.sk\/index.php?rest_route=\/wp\/v2\/pages\/71\/revisions\/1901"}],"wp:attachment":[{"href":"http:\/\/chcembytkrasna.sk\/index.php?rest_route=%2Fwp%2Fv2%2Fmedia&parent=71"}],"curies":[{"name":"wp","href":"https:\/\/api.w.org\/{rel}","templated":true}]}}