{"id":27,"date":"2020-05-27T13:46:10","date_gmt":"2020-05-27T11:46:10","guid":{"rendered":"http:\/\/chcembytkrasna.sk\/?page_id=27"},"modified":"2020-12-04T23:54:29","modified_gmt":"2020-12-04T22:54:29","slug":"portfolio","status":"publish","type":"page","link":"http:\/\/chcembytkrasna.sk\/?page_id=27","title":{"rendered":"Gal\u00e9ria kr\u00e1sy"},"content":{"rendered":"\t\t<div data-elementor-type=\"wp-page\" data-elementor-id=\"27\" class=\"elementor elementor-27\" data-elementor-settings=\"[]\">\n\t\t\t\t\t\t<div class=\"elementor-inner\">\n\t\t\t\t\t\t\t<div class=\"elementor-section-wrap\">\n\t\t\t\t\t\t\t<section class=\"elementor-section elementor-top-section elementor-element elementor-element-5b65c9b elementor-section-content-middle elementor-section-height-full elementor-section-boxed elementor-section-height-default elementor-section-items-middle\" data-id=\"5b65c9b\" data-element_type=\"section\" data-settings=\"{&quot;background_background&quot;:&quot;classic&quot;}\">\n\t\t\t\t\t\t<div class=\"elementor-container elementor-column-gap-no\">\n\t\t\t\t\t\t\t<div class=\"elementor-row\">\n\t\t\t\t\t<div class=\"elementor-column elementor-col-100 elementor-top-column elementor-element elementor-element-3226f34b\" data-id=\"3226f34b\" data-element_type=\"column\" data-settings=\"{&quot;background_background&quot;:&quot;classic&quot;}\">\n\t\t\t<div class=\"elementor-column-wrap elementor-element-populated\">\n\t\t\t\t\t\t\t<div class=\"elementor-widget-wrap\">\n\t\t\t\t\t\t<section class=\"elementor-section elementor-inner-section elementor-element elementor-element-4c5a3a41 elementor-section-boxed elementor-section-height-default elementor-section-height-default\" data-id=\"4c5a3a41\" data-element_type=\"section\">\n\t\t\t\t\t\t<div class=\"elementor-container elementor-column-gap-default\">\n\t\t\t\t\t\t\t<div class=\"elementor-row\">\n\t\t\t\t\t<div class=\"elementor-column elementor-col-100 elementor-inner-column elementor-element elementor-element-1369356e\" data-id=\"1369356e\" data-element_type=\"column\">\n\t\t\t<div class=\"elementor-column-wrap elementor-element-populated\">\n\t\t\t\t\t\t\t<div class=\"elementor-widget-wrap\">\n\t\t\t\t\t\t<div class=\"elementor-element elementor-element-ed38a0c elementor-view-default elementor-widget elementor-widget-icon\" data-id=\"ed38a0c\" data-element_type=\"widget\" data-widget_type=\"icon.default\">\n\t\t\t\t<div class=\"elementor-widget-container\">\n\t\t\t\t\t<div class=\"elementor-icon-wrapper\">\n\t\t\t<div class=\"elementor-icon\">\n\t\t\t<svg xmlns=\"http:\/\/www.w3.org\/2000\/svg\" xmlns:xlink=\"http:\/\/www.w3.org\/1999\/xlink\" xmlns:svgjs=\"http:\/\/svgjs.com\/svgjs\" width=\"512\" height=\"512\" x=\"0\" y=\"0\" viewBox=\"0 0 512 512\" style=\"enable-background:new 0 0 512 512\" xml:space=\"preserve\"><g><g xmlns=\"http:\/\/www.w3.org\/2000\/svg\"><path d=\"m457 101h-100.188l-9.743-29.23c-6.136-18.405-23.293-30.77-42.692-30.77h-96.754c-19.399 0-36.556 12.365-42.691 30.77l-9.744 29.23h-24.188v-25c0-19.299-15.701-35-35-35h-20c-19.299 0-35 15.701-35 35v26.812c-23.568 6.208-41 27.698-41 53.188v260c0 30.327 24.673 55 55 55h402c30.327 0 55-24.673 55-55v-260c0-30.327-24.673-55-55-55zm-386-25c0-2.757 2.243-5 5-5h20c2.757 0 5 2.243 5 5v25h-30zm411 340c0 13.785-11.215 25-25 25h-402c-13.785 0-25-11.215-25-25v-260c0-13.785 11.215-25 25-25h111c6.456 0 12.188-4.131 14.23-10.257l13.162-39.486c2.046-6.135 7.764-10.257 14.231-10.257h96.754c6.467 0 12.186 4.122 14.23 10.256l13.162 39.487c2.043 6.126 7.775 10.257 14.231 10.257h111c13.785 0 25 11.215 25 25z\" fill=\"#cfb53b\" data-original=\"#000000\" style=\"\"><\/path><circle cx=\"436\" cy=\"176\" r=\"15\" fill=\"#cfb53b\" data-original=\"#000000\" style=\"\"><\/circle><path d=\"m106 161h-30c-8.284 0-15 6.716-15 15s6.716 15 15 15h30c8.284 0 15-6.716 15-15s-6.716-15-15-15z\" fill=\"#cfb53b\" data-original=\"#000000\" style=\"\"><\/path><g><path d=\"m256 411c-74.439 0-135-60.561-135-135s60.561-135 135-135 135 60.561 135 135-60.561 135-135 135zm0-240c-57.897 0-105 47.103-105 105s47.103 105 105 105 105-47.103 105-105-47.103-105-105-105z\" fill=\"#cfb53b\" data-original=\"#000000\" style=\"\"><\/path><\/g><g><path d=\"m256 351c-41.355 0-75-33.645-75-75s33.645-75 75-75 75 33.645 75 75-33.645 75-75 75zm0-120c-24.813 0-45 20.187-45 45s20.187 45 45 45 45-20.187 45-45-20.187-45-45-45z\" fill=\"#cfb53b\" data-original=\"#000000\" style=\"\"><\/path><\/g><\/g><\/g><\/svg>\t\t\t<\/div>\n\t\t<\/div>\n\t\t\t\t<\/div>\n\t\t\t\t<\/div>\n\t\t\t\t<div class=\"elementor-element elementor-element-19567868 elementor-widget elementor-widget-heading\" data-id=\"19567868\" data-element_type=\"widget\" data-widget_type=\"heading.default\">\n\t\t\t\t<div class=\"elementor-widget-container\">\n\t\t\t<h2 class=\"elementor-heading-title elementor-size-default\"><b>Gal\u00e9ria kr\u00e1sy<\/b><\/h2>\t\t<\/div>\n\t\t\t\t<\/div>\n\t\t\t\t<div class=\"elementor-element elementor-element-588688f elementor-widget elementor-widget-heading\" data-id=\"588688f\" data-element_type=\"widget\" data-widget_type=\"heading.default\">\n\t\t\t\t<div class=\"elementor-widget-container\">\n\t\t\t<h6 class=\"elementor-heading-title elementor-size-default\">obsahuje fotografie spokojn\u00fdch z\u00e1kazn\u00edkov<\/h6>\t\t<\/div>\n\t\t\t\t<\/div>\n\t\t\t\t\t\t<\/div>\n\t\t\t\t\t<\/div>\n\t\t<\/div>\n\t\t\t\t\t\t\t\t<\/div>\n\t\t\t\t\t<\/div>\n\t\t<\/section>\n\t\t\t\t<section class=\"elementor-section elementor-inner-section elementor-element elementor-element-328e9ef1 elementor-section-boxed elementor-section-height-default elementor-section-height-default\" data-id=\"328e9ef1\" data-element_type=\"section\">\n\t\t\t\t\t\t<div class=\"elementor-container elementor-column-gap-default\">\n\t\t\t\t\t\t\t<div class=\"elementor-row\">\n\t\t\t\t\t<div class=\"elementor-column elementor-col-33 elementor-inner-column elementor-element elementor-element-1037d735\" data-id=\"1037d735\" data-element_type=\"column\" data-settings=\"{&quot;background_background&quot;:&quot;classic&quot;}\">\n\t\t\t<div class=\"elementor-column-wrap elementor-element-populated\">\n\t\t\t\t\t<div class=\"elementor-background-overlay\"><\/div>\n\t\t\t\t\t\t\t<div class=\"elementor-widget-wrap\">\n\t\t\t\t\t\t<div class=\"elementor-element elementor-element-4928b81d elementor-view-stacked elementor-shape-circle elementor-position-top elementor-vertical-align-top elementor-widget elementor-widget-icon-box\" data-id=\"4928b81d\" data-element_type=\"widget\" data-widget_type=\"icon-box.default\">\n\t\t\t\t<div class=\"elementor-widget-container\">\n\t\t\t\t\t<div class=\"elementor-icon-box-wrapper\">\n\t\t\t\t\t\t<div class=\"elementor-icon-box-icon\">\n\t\t\t\t<a class=\"elementor-icon elementor-animation-\" href=\"http:\/\/chcembytkrasna.sk\/?page_id=643\">\n\t\t\t\t<svg xmlns=\"http:\/\/www.w3.org\/2000\/svg\" height=\"512px\" viewBox=\"0 -44 512.00156 512\" width=\"512px\"><g><path d=\"m11.996094 196.3125 3.503906 1.28125c7.386719 2.695312 15.402344.304688 20.21875-5.414062 61.761719 22.542968 65.566406 22.484374 77.804688 33.910156 7.75 7.234375 16.726562 12.746094 26.683593 16.378906l147.800781 53.945312c29.199219 10.660157 55.324219-21.257812 39.730469-47.765624 19.648438-6.941407 28.035157-29.945313 17.484375-47.902344 3.113282-1.101563 6.046875-2.652344 8.707032-4.613282.074218.160157 64.625 138.914063 66.734374 143.445313.652344 1.398437 1.929688 2.78125 3.421876 3.535156l39.277343 19.804688c2.078125 1.046875 5.316407 1.730469 8.566407 1.394531l25.773437 55.402344c1.746094 3.753906 6.203125 5.382812 9.960937 3.636718 3.753907-1.746093 5.382813-6.207031 3.636719-9.960937l-25.777343-55.414063c2.34375-2.261718 3.910156-5.167968 4.453124-7.4375l10.152344-42.800781c.363282-1.539062.226563-3.339843-.496094-4.894531l-25.667968-55.171875c-1.746094-3.753906-6.203125-5.382813-9.960938-3.636719-3.753906 1.75-5.382812 6.207032-3.636718 9.964844l22.503906 48.367188-51.773438 24.085937-5.84375-12.5625 5.410156-2.519531c3.757813-1.746094 5.382813-6.207032 3.636719-9.960938-1.746093-3.753906-6.203125-5.382812-9.960937-3.636718l-5.410156 2.519531-6.550782-14.074219 5.414063-2.519531c3.753906-1.746094 5.382812-6.207031 3.636719-9.960938-1.746094-3.753906-6.207032-5.382812-9.964844-3.636719l-5.410156 2.519532-6.546876-14.074219 5.410157-2.515625c3.757812-1.75 5.382812-6.207031 3.636719-9.964844-1.742188-3.753906-6.203126-5.382812-9.960938-3.636718l-5.410156 2.519531-6.546875-14.074219 5.410156-2.519531c3.753906-1.746094 5.382813-6.207031 3.636719-9.960938-1.75-3.753906-6.207032-5.382812-9.964844-3.636719l-5.410156 2.519532-6.414063-13.789063 51.769531-24.085937 19.9375 42.851562c1.746094 3.753906 6.203126 5.382813 9.960938 3.636719 3.753906-1.746094 5.382812-6.207031 3.636719-9.960937l-21.351563-45.898438c4.136719-3.613281 7.328125-8.226562 9.261719-13.527344 6.253906-17.132812-2.546875-36.058594-19.683594-42.308594l-3.621093-1.324218c.957031-3.421875.757812-7.183594-.855469-10.648438l-3.195313-6.875c-3.59375-7.726562-12.757812-11.074218-20.492187-7.476562l-19.324219 8.988281-.324219-.117187-14.335937-30.816407 1.671875-.777343c7.730469-3.597657 11.074219-12.761719 7.480469-20.492188l-3.199219-6.871094c-1.632813-3.511718-4.460938-6.121094-7.789063-7.582031.070313-1.597656.023438-3.21875-.164062-4.855469-1.417969-12.40625-16.050782-26.507812-28.761719-25.269531l-48.429687 4.875c-4.121094.414063-7.125 4.09375-6.710938 8.214844.414062 4.117187 4.074219 7.117187 8.214844 6.707031.121094-.011719 48.179687-4.855469 48.296875-4.855469 4.453125 0 11.933593 7.152344 12.492187 12.03125.785156 6.882813-3.300781 13.492188-10.003906 15.828125l-41.75 15.121094c-11.398438 4.125-11.414062 20.25-.03125 24.40625 5.660156 2.0625 119.894531 43.757812 125.691406 45.875 9.324219 3.402344 14.140625 13.753906 10.738282 23.078125-3.378907 9.25-13.6875 14.160156-23.078126 10.738281l-61.351562-22.394531c-4.828125-1.761719-39.042969-14.25-43.804688-15.988281-3.890624-1.417969-8.195312.585937-9.613281 4.476562-1.421875 3.886719.582031 8.191406 4.472657 9.613282l40.8125 14.898437c15.148437 5.527344 15.714843 26.578125 1.421874 33.226563-4.359374 2.027343-9.246093 2.234374-13.765624.585937l-40.8125-14.894531c-3.890626-1.421875-8.195313.582031-9.613282 4.472656-1.421875 3.890625.582032 8.195312 4.472656 9.613281l40.8125 14.898438c15.019532 5.480469 15.90625 26.488281 1.421876 33.226562-4.359376 2.027344-9.25 2.238281-13.765626.589844l-40.8125-14.898437c-3.890624-1.417969-8.195312.582031-9.613281 4.472656-1.421875 3.890625.582031 8.195312 4.472657 9.617187l40.8125 14.894531c9.324218 3.402344 14.140624 13.757813 10.738281 23.078126-3.402344 9.328124-13.757813 14.144531-23.082031 10.738281-161.054688-58.78125-156.789063-55.4375-169.386719-67.199219-15.007813-14.015625-22.035157-14.820312-81.851563-36.652344 2.703125-7.410156 48.757813-133.597656 50.992188-139.710937l16.117187 5.882812c12.285157 4.484375 26.105469 4.617188 34.167969 2.433594 91.265625-24.515625 68.300781-19.535156 109.410156-23.675781 4.121094-.414063 7.125-4.089844 6.707032-8.210938-.414063-4.121094-4.082032-7.125-8.210938-6.710937-44.382812 4.472656-19.5-.679688-111.558594 24.050781-8.480468 1.671875-17.25.988281-25.375-1.976562l-16.964844-6.1875c.269532-7.6875-4.367187-15.027344-11.972656-17.804688l-3.503906-1.277344c-9.453125-3.453125-19.957031 1.433594-23.402344 10.886719l-57.207031 156.738281c-3.453125 9.453125 1.429687 19.953125 10.886719 23.402344zm393.589844-94.84375c.234374-.101562.472656.003906.566406.207031l2.664062 5.726563-8.957031-3.269532zm-45.898438-11.996094c-2.253906-.824218-15.292969-5.582031-17.707031-6.464844l-2.386719-5.132812 12.082031-5.621094zm1.140625-38.488281c.097656.214844.007813.46875-.207031.566406-4.875 2.269531-37.332032 17.367188-42.625 19.832031-.21875.101563-.46875.003907-.566406-.207031l-1.894532-4.074219c29.582032-10.714843 36.011719-11.542968 42.789063-21.5zm83.824219 285.703125 37.3125-17.355469-6.492188 27.355469c-.152344.351562-.433594.640625-.785156.804688l-1.902344.882812s-1.890625.882812-1.902344.886719c-.351562.164062-.753906.191406-1.125.082031zm-80.25-153.59375c.027344-.0625.527344-1.253906.542968-1.285156l24.292969-11.300782 11.203125 4.089844-32.875 15.292969zm-349.207032-5.039062 57.207032-156.742188c.605468-1.652344 2.496094-2.550781 4.171875-1.9375l3.503906 1.277344c1.65625.605468 2.546875 2.515625 1.941406 4.171875-.3125.859375-56.273437 154.179687-57.207031 156.738281-.605469 1.65625-2.515625 2.546875-4.175781 1.941406l-3.5-1.277344c-1.664063-.609374-2.550781-2.507812-1.941407-4.171874zm0 0\" data-original=\"#000000\" class=\"active-path\" data-old_color=\"#000000\" fill=\"#CFB53B\"><\/path><\/g><\/svg>\t\t\t\t<\/a>\n\t\t\t<\/div>\n\t\t\t\t\t\t<div class=\"elementor-icon-box-content\">\n\t\t\t\t<h3 class=\"elementor-icon-box-title\">\n\t\t\t\t\t<a href=\"http:\/\/chcembytkrasna.sk\/?page_id=643\">\u010delo<\/a>\n\t\t\t\t<\/h3>\n\t\t\t\t\t\t\t<\/div>\n\t\t<\/div>\n\t\t\t\t<\/div>\n\t\t\t\t<\/div>\n\t\t\t\t\t\t<\/div>\n\t\t\t\t\t<\/div>\n\t\t<\/div>\n\t\t\t\t<div class=\"elementor-column elementor-col-33 elementor-inner-column elementor-element elementor-element-599b5866\" data-id=\"599b5866\" data-element_type=\"column\" data-settings=\"{&quot;background_background&quot;:&quot;classic&quot;}\">\n\t\t\t<div class=\"elementor-column-wrap elementor-element-populated\">\n\t\t\t\t\t<div class=\"elementor-background-overlay\"><\/div>\n\t\t\t\t\t\t\t<div class=\"elementor-widget-wrap\">\n\t\t\t\t\t\t<div class=\"elementor-element elementor-element-64c65ebf elementor-view-stacked elementor-shape-circle elementor-position-top elementor-vertical-align-top elementor-widget elementor-widget-icon-box\" data-id=\"64c65ebf\" data-element_type=\"widget\" data-widget_type=\"icon-box.default\">\n\t\t\t\t<div class=\"elementor-widget-container\">\n\t\t\t\t\t<div class=\"elementor-icon-box-wrapper\">\n\t\t\t\t\t\t<div class=\"elementor-icon-box-icon\">\n\t\t\t\t<a class=\"elementor-icon elementor-animation-\" href=\"http:\/\/chcembytkrasna.sk\/?page_id=651\">\n\t\t\t\t<svg xmlns=\"http:\/\/www.w3.org\/2000\/svg\" id=\"Layer_1\" height=\"512px\" viewBox=\"0 0 511.936 511.936\" width=\"512px\"><g><path d=\"m507.512 434.616c-5.859-5.858-15.355-5.858-21.213 0l-15.251 15.25-14.884-14.884 13.458-13.458c5.858-5.857 5.858-15.355 0-21.213l-31.654-31.655v-149.688c0-58.261-22.839-113.186-64.309-154.656-41.471-41.472-96.397-64.312-154.659-64.312-58.264 0-113.189 22.839-154.66 64.309-41.47 41.47-64.309 96.396-64.309 154.659v150.742c0 8.284 6.716 15 15 15h95.163c28.369 28.304 67.427 45.821 110.486 45.821 37.888 0 73.723-13.503 102.218-38.26l77.383 77.383c2.813 2.813 6.628 4.394 10.606 4.394 3.979 0 7.793-1.58 10.606-4.394l13.458-13.458 14.883 14.883-15.25 15.25c-5.858 5.857-5.858 15.355 0 21.213 2.93 2.93 6.768 4.394 10.607 4.394 3.838 0 7.678-1.465 10.606-4.394l51.714-51.713c5.858-5.857 5.858-15.355.001-21.213zm-172.113-72.269 6.729-20.188 20.188-6.729 17.131 17.131-26.917 26.917zm-305.368-143.379c0-104.197 84.771-188.968 188.969-188.968s188.969 84.771 188.969 188.968v119.689l-30.995-30.995c-.86-.86-1.813-1.593-2.825-2.207 2.232-10.615 3.361-21.457 3.361-32.389v-104.858c0-5.199-2.692-10.027-7.115-12.76-4.422-2.734-9.945-2.981-14.595-.655l-2.423 1.217c-12.208 6.146-17.262 8.69-39.688 8.69-33.787 0-61.93-25.561-75.455-37.845-7.023-6.378-10.892-9.892-17.601-9.892-6.542 0-10.114 3.272-16.598 9.213-12.583 11.527-42.052 38.523-76.366 38.523-22.425 0-27.479-2.544-39.687-8.69l-2.424-1.217c-4.651-2.327-10.172-2.077-14.595.655s-7.115 7.561-7.115 12.76v104.858c0 29.869 8.327 57.823 22.771 81.644h-56.588zm63.818 54.098v-82.059c8.325 2.442 18.189 3.692 33.821 3.692 42.717 0 76.385-28.068 93.102-43.186 16.295 14.678 50.075 43.186 92.918 43.186 15.631 0 25.495-1.25 33.82-3.692v82.059c0 12.794-1.914 25.428-5.67 37.566l-7.519 2.506-34.354-34.355c-5.858-5.858-15.355-5.858-21.213 0-5.858 5.857-5.858 15.355 0 21.213l34.354 34.355-9.101 27.303c-.843 2.529-.973 5.178-.467 7.695-23.09 20.176-52.152 31.181-82.86 31.181-69.935.001-126.831-57.179-126.831-127.464zm279.894 127.625 26.917-26.917 37.144 37.144-26.917 26.917z\" data-original=\"#000000\" class=\"active-path\" data-old_color=\"#000000\" fill=\"#CFB53B\"><\/path><\/g><\/svg>\t\t\t\t<\/a>\n\t\t\t<\/div>\n\t\t\t\t\t\t<div class=\"elementor-icon-box-content\">\n\t\t\t\t<h3 class=\"elementor-icon-box-title\">\n\t\t\t\t\t<a href=\"http:\/\/chcembytkrasna.sk\/?page_id=651\">okolie o\u010d\u00ed<\/a>\n\t\t\t\t<\/h3>\n\t\t\t\t\t\t\t<\/div>\n\t\t<\/div>\n\t\t\t\t<\/div>\n\t\t\t\t<\/div>\n\t\t\t\t\t\t<\/div>\n\t\t\t\t\t<\/div>\n\t\t<\/div>\n\t\t\t\t<div class=\"elementor-column elementor-col-33 elementor-inner-column elementor-element elementor-element-373f4350\" data-id=\"373f4350\" data-element_type=\"column\" data-settings=\"{&quot;background_background&quot;:&quot;classic&quot;}\">\n\t\t\t<div class=\"elementor-column-wrap elementor-element-populated\">\n\t\t\t\t\t<div class=\"elementor-background-overlay\"><\/div>\n\t\t\t\t\t\t\t<div class=\"elementor-widget-wrap\">\n\t\t\t\t\t\t<div class=\"elementor-element elementor-element-f0ef6d6 elementor-view-stacked elementor-shape-circle elementor-position-top elementor-vertical-align-top elementor-widget elementor-widget-icon-box\" data-id=\"f0ef6d6\" data-element_type=\"widget\" data-widget_type=\"icon-box.default\">\n\t\t\t\t<div class=\"elementor-widget-container\">\n\t\t\t\t\t<div class=\"elementor-icon-box-wrapper\">\n\t\t\t\t\t\t<div class=\"elementor-icon-box-icon\">\n\t\t\t\t<a class=\"elementor-icon elementor-animation-\" href=\"http:\/\/chcembytkrasna.sk\/?page_id=653\">\n\t\t\t\t<svg xmlns=\"http:\/\/www.w3.org\/2000\/svg\" height=\"512px\" viewBox=\"0 0 512 512.001\" width=\"512px\" class=\"\"><g><path d=\"m490.28125 77.796875 21.21875-21.21875-56.582031-56.578125-21.214844 21.21875 17.679687 17.679688-42.433593 42.433593-49.507813-49.507812-21.21875 21.21875 21.21875 21.21875-102.15625 102.15625 28.289063 28.289062-60.164063 60.167969c-17.667968 6.515625-37.027344 6.417969-54.636718-.320312-35.636719-13.640626-75.371094-6.230469-103.699219 19.339843l-67.074219 60.546875v49.320313l66.214844 63.757812c37.71875 36.320313 85.019531 54.480469 132.324218 54.480469 47.300782 0 94.605469-18.160156 132.320313-54.480469l66.214844-63.757812v-49.320313l-67.074219-60.546875c-15.914062-14.367187-35.429688-23-55.792969-25.386719l32.585938-32.585937 28.289062 28.289063 102.15625-102.15625 21.214844 21.21875 21.21875-21.21875-49.507813-49.503907 42.433594-42.4375zm-180.230469 358.109375c-30.863281 29.71875-70.46875 46.085938-111.511719 46.085938-41.046874 0-80.648437-16.367188-111.511718-46.085938l-50.816406-48.933594h23.671874c21.789063 0 43.144532 4.371094 63.472657 12.988282 48.484375 20.558593 101.882812 20.558593 150.367187 0 20.328125-8.617188 41.683594-12.988282 63.472656-12.988282h23.667969zm-177.691406-64.675781c42.898437-13.800781 89.460937-13.800781 132.355469 0-.902344.367187-1.804688.726562-2.707032 1.109375-40.929687 17.351562-86.011718 17.351562-126.941406 0-.898437-.382813-1.804687-.742188-2.707031-1.109375zm233.8125-14.261719h-14.449219c-24.453125 0-48.550781-4.113281-71.617187-12.226562-26.300781-9.246094-53.933594-13.871094-81.566407-13.871094-27.636718 0-55.269531 4.625-81.570312 13.871094-23.066406 8.113281-47.160156 12.226562-71.613281 12.226562h-14.453125l56.277344-50.800781c19.90625-17.96875 47.824218-23.175781 72.867187-13.589844 24.820313 9.5 52.160156 9.5 76.980469 0 25.042968-9.585937 52.964844-4.378906 72.867187 13.589844zm-31.089844-145.191406-35.363281-35.359375 80.941406-80.941407 35.359375 35.363282zm0 0\" data-original=\"#000000\" class=\"active-path\" data-old_color=\"#000000\" fill=\"#CFB53B\"><\/path><\/g><\/svg>\t\t\t\t<\/a>\n\t\t\t<\/div>\n\t\t\t\t\t\t<div class=\"elementor-icon-box-content\">\n\t\t\t\t<h3 class=\"elementor-icon-box-title\">\n\t\t\t\t\t<a href=\"http:\/\/chcembytkrasna.sk\/?page_id=653\">Okolie<br> \u00fast a pery<\/a>\n\t\t\t\t<\/h3>\n\t\t\t\t\t\t\t<\/div>\n\t\t<\/div>\n\t\t\t\t<\/div>\n\t\t\t\t<\/div>\n\t\t\t\t\t\t<\/div>\n\t\t\t\t\t<\/div>\n\t\t<\/div>\n\t\t\t\t\t\t\t\t<\/div>\n\t\t\t\t\t<\/div>\n\t\t<\/section>\n\t\t\t\t\t\t<\/div>\n\t\t\t\t\t<\/div>\n\t\t<\/div>\n\t\t\t\t\t\t\t\t<\/div>\n\t\t\t\t\t<\/div>\n\t\t<\/section>\n\t\t\t\t\t\t<\/div>\n\t\t\t\t\t\t<\/div>\n\t\t\t\t\t<\/div>\n\t\t","protected":false},"excerpt":{"rendered":"<p>Gal\u00e9ria kr\u00e1sy obsahuje fotografie spokojn\u00fdch z\u00e1kazn\u00edkov \u010delo okolie o\u010d\u00ed Okolie \u00fast a pery<\/p>\n","protected":false},"author":1,"featured_media":0,"parent":0,"menu_order":0,"comment_status":"closed","ping_status":"closed","template":"","meta":{"_monsterinsights_skip_tracking":false,"_monsterinsights_sitenote_active":false,"_monsterinsights_sitenote_note":"","_monsterinsights_sitenote_category":0},"yoast_head":"<!-- This site is optimized with the Yoast SEO plugin v16.8 - https:\/\/yoast.com\/wordpress\/plugins\/seo\/ -->\n<title>Gal\u00e9ria kr\u00e1sy - Chcem by\u0165 kr\u00e1sna<\/title>\n<meta name=\"robots\" content=\"index, follow, max-snippet:-1, max-image-preview:large, max-video-preview:-1\" \/>\n<link rel=\"canonical\" href=\"http:\/\/chcembytkrasna.sk\/?page_id=27\" \/>\n<meta property=\"og:locale\" content=\"sk_SK\" \/>\n<meta property=\"og:type\" content=\"article\" \/>\n<meta property=\"og:title\" content=\"Gal\u00e9ria kr\u00e1sy - Chcem by\u0165 kr\u00e1sna\" \/>\n<meta property=\"og:description\" content=\"Gal\u00e9ria kr\u00e1sy obsahuje fotografie spokojn\u00fdch z\u00e1kazn\u00edkov \u010delo okolie o\u010d\u00ed Okolie \u00fast a pery\" \/>\n<meta property=\"og:url\" content=\"http:\/\/chcembytkrasna.sk\/?page_id=27\" \/>\n<meta property=\"og:site_name\" content=\"Chcem by\u0165 kr\u00e1sna\" \/>\n<meta property=\"article:modified_time\" content=\"2020-12-04T22:54:29+00:00\" \/>\n<meta name=\"twitter:card\" content=\"summary_large_image\" \/>\n<script type=\"application\/ld+json\" class=\"yoast-schema-graph\">{\"@context\":\"https:\/\/schema.org\",\"@graph\":[{\"@type\":\"WebSite\",\"@id\":\"http:\/\/chcembytkrasna.sk\/#website\",\"url\":\"http:\/\/chcembytkrasna.sk\/\",\"name\":\"Chcem by\\u0165 kr\\u00e1sna\",\"description\":\"Sylvia Kraj\\u010dov\\u00e1\",\"potentialAction\":[{\"@type\":\"SearchAction\",\"target\":{\"@type\":\"EntryPoint\",\"urlTemplate\":\"http:\/\/chcembytkrasna.sk\/?s={search_term_string}\"},\"query-input\":\"required name=search_term_string\"}],\"inLanguage\":\"sk-SK\"},{\"@type\":\"WebPage\",\"@id\":\"http:\/\/chcembytkrasna.sk\/?page_id=27#webpage\",\"url\":\"http:\/\/chcembytkrasna.sk\/?page_id=27\",\"name\":\"Gal\\u00e9ria kr\\u00e1sy - Chcem by\\u0165 kr\\u00e1sna\",\"isPartOf\":{\"@id\":\"http:\/\/chcembytkrasna.sk\/#website\"},\"datePublished\":\"2020-05-27T11:46:10+00:00\",\"dateModified\":\"2020-12-04T22:54:29+00:00\",\"breadcrumb\":{\"@id\":\"http:\/\/chcembytkrasna.sk\/?page_id=27#breadcrumb\"},\"inLanguage\":\"sk-SK\",\"potentialAction\":[{\"@type\":\"ReadAction\",\"target\":[\"http:\/\/chcembytkrasna.sk\/?page_id=27\"]}]},{\"@type\":\"BreadcrumbList\",\"@id\":\"http:\/\/chcembytkrasna.sk\/?page_id=27#breadcrumb\",\"itemListElement\":[{\"@type\":\"ListItem\",\"position\":1,\"name\":\"Home\",\"item\":\"http:\/\/chcembytkrasna.sk\/\"},{\"@type\":\"ListItem\",\"position\":2,\"name\":\"Gal\\u00e9ria kr\\u00e1sy\"}]}]}<\/script>\n<!-- \/ Yoast SEO plugin. -->","yoast_head_json":{"title":"Gal\u00e9ria kr\u00e1sy - Chcem by\u0165 kr\u00e1sna","robots":{"index":"index","follow":"follow","max-snippet":"max-snippet:-1","max-image-preview":"max-image-preview:large","max-video-preview":"max-video-preview:-1"},"canonical":"http:\/\/chcembytkrasna.sk\/?page_id=27","og_locale":"sk_SK","og_type":"article","og_title":"Gal\u00e9ria kr\u00e1sy - Chcem by\u0165 kr\u00e1sna","og_description":"Gal\u00e9ria kr\u00e1sy obsahuje fotografie spokojn\u00fdch z\u00e1kazn\u00edkov \u010delo okolie o\u010d\u00ed Okolie \u00fast a pery","og_url":"http:\/\/chcembytkrasna.sk\/?page_id=27","og_site_name":"Chcem by\u0165 kr\u00e1sna","article_modified_time":"2020-12-04T22:54:29+00:00","twitter_card":"summary_large_image","schema":{"@context":"https:\/\/schema.org","@graph":[{"@type":"WebSite","@id":"http:\/\/chcembytkrasna.sk\/#website","url":"http:\/\/chcembytkrasna.sk\/","name":"Chcem by\u0165 kr\u00e1sna","description":"Sylvia Kraj\u010dov\u00e1","potentialAction":[{"@type":"SearchAction","target":{"@type":"EntryPoint","urlTemplate":"http:\/\/chcembytkrasna.sk\/?s={search_term_string}"},"query-input":"required name=search_term_string"}],"inLanguage":"sk-SK"},{"@type":"WebPage","@id":"http:\/\/chcembytkrasna.sk\/?page_id=27#webpage","url":"http:\/\/chcembytkrasna.sk\/?page_id=27","name":"Gal\u00e9ria kr\u00e1sy - Chcem by\u0165 kr\u00e1sna","isPartOf":{"@id":"http:\/\/chcembytkrasna.sk\/#website"},"datePublished":"2020-05-27T11:46:10+00:00","dateModified":"2020-12-04T22:54:29+00:00","breadcrumb":{"@id":"http:\/\/chcembytkrasna.sk\/?page_id=27#breadcrumb"},"inLanguage":"sk-SK","potentialAction":[{"@type":"ReadAction","target":["http:\/\/chcembytkrasna.sk\/?page_id=27"]}]},{"@type":"BreadcrumbList","@id":"http:\/\/chcembytkrasna.sk\/?page_id=27#breadcrumb","itemListElement":[{"@type":"ListItem","position":1,"name":"Home","item":"http:\/\/chcembytkrasna.sk\/"},{"@type":"ListItem","position":2,"name":"Gal\u00e9ria kr\u00e1sy"}]}]}},"_links":{"self":[{"href":"http:\/\/chcembytkrasna.sk\/index.php?rest_route=\/wp\/v2\/pages\/27"}],"collection":[{"href":"http:\/\/chcembytkrasna.sk\/index.php?rest_route=\/wp\/v2\/pages"}],"about":[{"href":"http:\/\/chcembytkrasna.sk\/index.php?rest_route=\/wp\/v2\/types\/page"}],"author":[{"embeddable":true,"href":"http:\/\/chcembytkrasna.sk\/index.php?rest_route=\/wp\/v2\/users\/1"}],"replies":[{"embeddable":true,"href":"http:\/\/chcembytkrasna.sk\/index.php?rest_route=%2Fwp%2Fv2%2Fcomments&post=27"}],"version-history":[{"count":6,"href":"http:\/\/chcembytkrasna.sk\/index.php?rest_route=\/wp\/v2\/pages\/27\/revisions"}],"predecessor-version":[{"id":1296,"href":"http:\/\/chcembytkrasna.sk\/index.php?rest_route=\/wp\/v2\/pages\/27\/revisions\/1296"}],"wp:attachment":[{"href":"http:\/\/chcembytkrasna.sk\/index.php?rest_route=%2Fwp%2Fv2%2Fmedia&parent=27"}],"curies":[{"name":"wp","href":"https:\/\/api.w.org\/{rel}","templated":true}]}}