{"id":23,"date":"2020-05-27T13:45:28","date_gmt":"2020-05-27T11:45:28","guid":{"rendered":"http:\/\/chcembytkrasna.sk\/?page_id=23"},"modified":"2021-08-03T17:49:04","modified_gmt":"2021-08-03T15:49:04","slug":"o-krase","status":"publish","type":"page","link":"http:\/\/chcembytkrasna.sk\/?page_id=23","title":{"rendered":"Met\u00f3dy"},"content":{"rendered":"\t\t<div data-elementor-type=\"wp-page\" data-elementor-id=\"23\" class=\"elementor elementor-23\" data-elementor-settings=\"[]\">\n\t\t\t\t\t\t<div class=\"elementor-inner\">\n\t\t\t\t\t\t\t<div class=\"elementor-section-wrap\">\n\t\t\t\t\t\t\t<section class=\"elementor-section elementor-top-section elementor-element elementor-element-074b51a elementor-section-content-middle elementor-section-height-full elementor-section-boxed elementor-section-height-default elementor-section-items-middle\" data-id=\"074b51a\" data-element_type=\"section\" data-settings=\"{&quot;background_background&quot;:&quot;classic&quot;}\">\n\t\t\t\t\t\t<div class=\"elementor-container elementor-column-gap-no\">\n\t\t\t\t\t\t\t<div class=\"elementor-row\">\n\t\t\t\t\t<div class=\"elementor-column elementor-col-100 elementor-top-column elementor-element elementor-element-41e9b6b\" data-id=\"41e9b6b\" data-element_type=\"column\">\n\t\t\t<div class=\"elementor-column-wrap elementor-element-populated\">\n\t\t\t\t\t\t\t<div class=\"elementor-widget-wrap\">\n\t\t\t\t\t\t<section class=\"elementor-section elementor-inner-section elementor-element elementor-element-e2c0414 elementor-section-boxed elementor-section-height-default elementor-section-height-default\" data-id=\"e2c0414\" data-element_type=\"section\">\n\t\t\t\t\t\t<div class=\"elementor-container elementor-column-gap-default\">\n\t\t\t\t\t\t\t<div class=\"elementor-row\">\n\t\t\t\t\t<div class=\"elementor-column elementor-col-100 elementor-inner-column elementor-element elementor-element-7d6f1bb\" data-id=\"7d6f1bb\" data-element_type=\"column\">\n\t\t\t<div class=\"elementor-column-wrap elementor-element-populated\">\n\t\t\t\t\t\t\t<div class=\"elementor-widget-wrap\">\n\t\t\t\t\t\t<div class=\"elementor-element elementor-element-5625819 elementor-widget elementor-widget-heading\" data-id=\"5625819\" data-element_type=\"widget\" data-widget_type=\"heading.default\">\n\t\t\t\t<div class=\"elementor-widget-container\">\n\t\t\t<h2 class=\"elementor-heading-title elementor-size-default\">Met\u00f3dy<\/h2>\t\t<\/div>\n\t\t\t\t<\/div>\n\t\t\t\t\t\t<\/div>\n\t\t\t\t\t<\/div>\n\t\t<\/div>\n\t\t\t\t\t\t\t\t<\/div>\n\t\t\t\t\t<\/div>\n\t\t<\/section>\n\t\t\t\t<section class=\"elementor-section elementor-inner-section elementor-element elementor-element-6e17311 elementor-section-boxed elementor-section-height-default elementor-section-height-default\" data-id=\"6e17311\" data-element_type=\"section\">\n\t\t\t\t\t\t<div class=\"elementor-container elementor-column-gap-default\">\n\t\t\t\t\t\t\t<div class=\"elementor-row\">\n\t\t\t\t\t<div class=\"elementor-column elementor-col-33 elementor-inner-column elementor-element elementor-element-9d74b08\" data-id=\"9d74b08\" data-element_type=\"column\" data-settings=\"{&quot;background_background&quot;:&quot;classic&quot;}\">\n\t\t\t<div class=\"elementor-column-wrap elementor-element-populated\">\n\t\t\t\t\t<div class=\"elementor-background-overlay\"><\/div>\n\t\t\t\t\t\t\t<div class=\"elementor-widget-wrap\">\n\t\t\t\t\t\t<div class=\"elementor-element elementor-element-6120432 elementor-view-stacked elementor-shape-circle elementor-position-top elementor-vertical-align-top elementor-widget elementor-widget-icon-box\" data-id=\"6120432\" data-element_type=\"widget\" data-widget_type=\"icon-box.default\">\n\t\t\t\t<div class=\"elementor-widget-container\">\n\t\t\t\t\t<div class=\"elementor-icon-box-wrapper\">\n\t\t\t\t\t\t<div class=\"elementor-icon-box-icon\">\n\t\t\t\t<a class=\"elementor-icon elementor-animation-\" href=\"http:\/\/chcembytkrasna.sk\/?page_id=282\">\n\t\t\t\t<i aria-hidden=\"true\" class=\"fas fa-award\"><\/i>\t\t\t\t<\/a>\n\t\t\t<\/div>\n\t\t\t\t\t\t<div class=\"elementor-icon-box-content\">\n\t\t\t\t<h3 class=\"elementor-icon-box-title\">\n\t\t\t\t\t<a href=\"http:\/\/chcembytkrasna.sk\/?page_id=282\">Botulotox\u00edn<\/a>\n\t\t\t\t<\/h3>\n\t\t\t\t\t\t\t\t<p class=\"elementor-icon-box-description\">Najob\u013e\u00fabenej\u0161\u00ed estetick\u00fd z\u00e1krok v ka\u017edej krajine sveta.<\/p>\n\t\t\t\t\t\t\t<\/div>\n\t\t<\/div>\n\t\t\t\t<\/div>\n\t\t\t\t<\/div>\n\t\t\t\t\t\t<\/div>\n\t\t\t\t\t<\/div>\n\t\t<\/div>\n\t\t\t\t<div class=\"elementor-column elementor-col-33 elementor-inner-column elementor-element elementor-element-45b9857\" data-id=\"45b9857\" data-element_type=\"column\" data-settings=\"{&quot;background_background&quot;:&quot;classic&quot;}\">\n\t\t\t<div class=\"elementor-column-wrap elementor-element-populated\">\n\t\t\t\t\t<div class=\"elementor-background-overlay\"><\/div>\n\t\t\t\t\t\t\t<div class=\"elementor-widget-wrap\">\n\t\t\t\t\t\t<div class=\"elementor-element elementor-element-c9a095d elementor-view-stacked elementor-shape-circle elementor-position-top elementor-vertical-align-top elementor-widget elementor-widget-icon-box\" data-id=\"c9a095d\" data-element_type=\"widget\" data-widget_type=\"icon-box.default\">\n\t\t\t\t<div class=\"elementor-widget-container\">\n\t\t\t\t\t<div class=\"elementor-icon-box-wrapper\">\n\t\t\t\t\t\t<div class=\"elementor-icon-box-icon\">\n\t\t\t\t<a class=\"elementor-icon elementor-animation-\" href=\"http:\/\/chcembytkrasna.sk\/?page_id=280\">\n\t\t\t\t<i aria-hidden=\"true\" class=\"far fa-star\"><\/i>\t\t\t\t<\/a>\n\t\t\t<\/div>\n\t\t\t\t\t\t<div class=\"elementor-icon-box-content\">\n\t\t\t\t<h3 class=\"elementor-icon-box-title\">\n\t\t\t\t\t<a href=\"http:\/\/chcembytkrasna.sk\/?page_id=280\">kyselina hyalur\u00f3nov\u00e1<\/a>\n\t\t\t\t<\/h3>\n\t\t\t\t\t\t\t\t<p class=\"elementor-icon-box-description\">Najpopul\u00e1rnej\u0161ia met\u00f3da na vyh\u013eadzovanie r\u00fdh a  vr\u00e1sok.<\/p>\n\t\t\t\t\t\t\t<\/div>\n\t\t<\/div>\n\t\t\t\t<\/div>\n\t\t\t\t<\/div>\n\t\t\t\t\t\t<\/div>\n\t\t\t\t\t<\/div>\n\t\t<\/div>\n\t\t\t\t<div class=\"elementor-column elementor-col-33 elementor-inner-column elementor-element elementor-element-e92be8c\" data-id=\"e92be8c\" data-element_type=\"column\" data-settings=\"{&quot;background_background&quot;:&quot;classic&quot;}\">\n\t\t\t<div class=\"elementor-column-wrap elementor-element-populated\">\n\t\t\t\t\t<div class=\"elementor-background-overlay\"><\/div>\n\t\t\t\t\t\t\t<div class=\"elementor-widget-wrap\">\n\t\t\t\t\t\t<div class=\"elementor-element elementor-element-207c340 elementor-view-stacked elementor-shape-circle elementor-position-top elementor-vertical-align-top elementor-widget elementor-widget-icon-box\" data-id=\"207c340\" data-element_type=\"widget\" data-widget_type=\"icon-box.default\">\n\t\t\t\t<div class=\"elementor-widget-container\">\n\t\t\t\t\t<div class=\"elementor-icon-box-wrapper\">\n\t\t\t\t\t\t<div class=\"elementor-icon-box-icon\">\n\t\t\t\t<a class=\"elementor-icon elementor-animation-\" href=\"http:\/\/chcembytkrasna.sk\/?page_id=283\">\n\t\t\t\t<i aria-hidden=\"true\" class=\"fas fa-gem\"><\/i>\t\t\t\t<\/a>\n\t\t\t<\/div>\n\t\t\t\t\t\t<div class=\"elementor-icon-box-content\">\n\t\t\t\t<h3 class=\"elementor-icon-box-title\">\n\t\t\t\t\t<a href=\"http:\/\/chcembytkrasna.sk\/?page_id=283\">Ni\u0165ov\u00fd lifting<\/a>\n\t\t\t\t<\/h3>\n\t\t\t\t\t\t\t\t<p class=\"elementor-icon-box-description\">Najnov\u0161ia technol\u00f3gia miniinvaz\u00edvneho liftingu.<\/p>\n\t\t\t\t\t\t\t<\/div>\n\t\t<\/div>\n\t\t\t\t<\/div>\n\t\t\t\t<\/div>\n\t\t\t\t\t\t<\/div>\n\t\t\t\t\t<\/div>\n\t\t<\/div>\n\t\t\t\t\t\t\t\t<\/div>\n\t\t\t\t\t<\/div>\n\t\t<\/section>\n\t\t\t\t\t\t<\/div>\n\t\t\t\t\t<\/div>\n\t\t<\/div>\n\t\t\t\t\t\t\t\t<\/div>\n\t\t\t\t\t<\/div>\n\t\t<\/section>\n\t\t\t\t\t\t<\/div>\n\t\t\t\t\t\t<\/div>\n\t\t\t\t\t<\/div>\n\t\t","protected":false},"excerpt":{"rendered":"<p>Met\u00f3dy Botulotox\u00edn Najob\u013e\u00fabenej\u0161\u00ed estetick\u00fd z\u00e1krok v ka\u017edej krajine sveta. kyselina hyalur\u00f3nov\u00e1 Najpopul\u00e1rnej\u0161ia met\u00f3da na vyh\u013eadzovanie r\u00fdh a vr\u00e1sok. Ni\u0165ov\u00fd lifting Najnov\u0161ia technol\u00f3gia miniinvaz\u00edvneho liftingu.<\/p>\n","protected":false},"author":1,"featured_media":0,"parent":0,"menu_order":0,"comment_status":"closed","ping_status":"closed","template":"","meta":{"_monsterinsights_skip_tracking":false,"_monsterinsights_sitenote_active":false,"_monsterinsights_sitenote_note":"","_monsterinsights_sitenote_category":0},"yoast_head":"<!-- This site is optimized with the Yoast SEO plugin v16.8 - https:\/\/yoast.com\/wordpress\/plugins\/seo\/ -->\n<title>Met\u00f3dy - Chcem by\u0165 kr\u00e1sna<\/title>\n<meta name=\"robots\" content=\"index, follow, max-snippet:-1, max-image-preview:large, max-video-preview:-1\" \/>\n<link rel=\"canonical\" href=\"http:\/\/chcembytkrasna.sk\/?page_id=23\" \/>\n<meta property=\"og:locale\" content=\"sk_SK\" \/>\n<meta property=\"og:type\" content=\"article\" \/>\n<meta property=\"og:title\" content=\"Met\u00f3dy - Chcem by\u0165 kr\u00e1sna\" \/>\n<meta property=\"og:description\" content=\"Met\u00f3dy Botulotox\u00edn Najob\u013e\u00fabenej\u0161\u00ed estetick\u00fd z\u00e1krok v ka\u017edej krajine sveta. kyselina hyalur\u00f3nov\u00e1 Najpopul\u00e1rnej\u0161ia met\u00f3da na vyh\u013eadzovanie r\u00fdh a vr\u00e1sok. Ni\u0165ov\u00fd lifting Najnov\u0161ia technol\u00f3gia miniinvaz\u00edvneho liftingu.\" \/>\n<meta property=\"og:url\" content=\"http:\/\/chcembytkrasna.sk\/?page_id=23\" \/>\n<meta property=\"og:site_name\" content=\"Chcem by\u0165 kr\u00e1sna\" \/>\n<meta property=\"article:modified_time\" content=\"2021-08-03T15:49:04+00:00\" \/>\n<meta name=\"twitter:card\" content=\"summary_large_image\" \/>\n<script type=\"application\/ld+json\" class=\"yoast-schema-graph\">{\"@context\":\"https:\/\/schema.org\",\"@graph\":[{\"@type\":\"WebSite\",\"@id\":\"http:\/\/chcembytkrasna.sk\/#website\",\"url\":\"http:\/\/chcembytkrasna.sk\/\",\"name\":\"Chcem by\\u0165 kr\\u00e1sna\",\"description\":\"Sylvia Kraj\\u010dov\\u00e1\",\"potentialAction\":[{\"@type\":\"SearchAction\",\"target\":{\"@type\":\"EntryPoint\",\"urlTemplate\":\"http:\/\/chcembytkrasna.sk\/?s={search_term_string}\"},\"query-input\":\"required name=search_term_string\"}],\"inLanguage\":\"sk-SK\"},{\"@type\":\"WebPage\",\"@id\":\"http:\/\/chcembytkrasna.sk\/?page_id=23#webpage\",\"url\":\"http:\/\/chcembytkrasna.sk\/?page_id=23\",\"name\":\"Met\\u00f3dy - Chcem by\\u0165 kr\\u00e1sna\",\"isPartOf\":{\"@id\":\"http:\/\/chcembytkrasna.sk\/#website\"},\"datePublished\":\"2020-05-27T11:45:28+00:00\",\"dateModified\":\"2021-08-03T15:49:04+00:00\",\"breadcrumb\":{\"@id\":\"http:\/\/chcembytkrasna.sk\/?page_id=23#breadcrumb\"},\"inLanguage\":\"sk-SK\",\"potentialAction\":[{\"@type\":\"ReadAction\",\"target\":[\"http:\/\/chcembytkrasna.sk\/?page_id=23\"]}]},{\"@type\":\"BreadcrumbList\",\"@id\":\"http:\/\/chcembytkrasna.sk\/?page_id=23#breadcrumb\",\"itemListElement\":[{\"@type\":\"ListItem\",\"position\":1,\"name\":\"Home\",\"item\":\"http:\/\/chcembytkrasna.sk\/\"},{\"@type\":\"ListItem\",\"position\":2,\"name\":\"Met\\u00f3dy\"}]}]}<\/script>\n<!-- \/ Yoast SEO plugin. -->","yoast_head_json":{"title":"Met\u00f3dy - Chcem by\u0165 kr\u00e1sna","robots":{"index":"index","follow":"follow","max-snippet":"max-snippet:-1","max-image-preview":"max-image-preview:large","max-video-preview":"max-video-preview:-1"},"canonical":"http:\/\/chcembytkrasna.sk\/?page_id=23","og_locale":"sk_SK","og_type":"article","og_title":"Met\u00f3dy - Chcem by\u0165 kr\u00e1sna","og_description":"Met\u00f3dy Botulotox\u00edn Najob\u013e\u00fabenej\u0161\u00ed estetick\u00fd z\u00e1krok v ka\u017edej krajine sveta. kyselina hyalur\u00f3nov\u00e1 Najpopul\u00e1rnej\u0161ia met\u00f3da na vyh\u013eadzovanie r\u00fdh a vr\u00e1sok. Ni\u0165ov\u00fd lifting Najnov\u0161ia technol\u00f3gia miniinvaz\u00edvneho liftingu.","og_url":"http:\/\/chcembytkrasna.sk\/?page_id=23","og_site_name":"Chcem by\u0165 kr\u00e1sna","article_modified_time":"2021-08-03T15:49:04+00:00","twitter_card":"summary_large_image","schema":{"@context":"https:\/\/schema.org","@graph":[{"@type":"WebSite","@id":"http:\/\/chcembytkrasna.sk\/#website","url":"http:\/\/chcembytkrasna.sk\/","name":"Chcem by\u0165 kr\u00e1sna","description":"Sylvia Kraj\u010dov\u00e1","potentialAction":[{"@type":"SearchAction","target":{"@type":"EntryPoint","urlTemplate":"http:\/\/chcembytkrasna.sk\/?s={search_term_string}"},"query-input":"required name=search_term_string"}],"inLanguage":"sk-SK"},{"@type":"WebPage","@id":"http:\/\/chcembytkrasna.sk\/?page_id=23#webpage","url":"http:\/\/chcembytkrasna.sk\/?page_id=23","name":"Met\u00f3dy - Chcem by\u0165 kr\u00e1sna","isPartOf":{"@id":"http:\/\/chcembytkrasna.sk\/#website"},"datePublished":"2020-05-27T11:45:28+00:00","dateModified":"2021-08-03T15:49:04+00:00","breadcrumb":{"@id":"http:\/\/chcembytkrasna.sk\/?page_id=23#breadcrumb"},"inLanguage":"sk-SK","potentialAction":[{"@type":"ReadAction","target":["http:\/\/chcembytkrasna.sk\/?page_id=23"]}]},{"@type":"BreadcrumbList","@id":"http:\/\/chcembytkrasna.sk\/?page_id=23#breadcrumb","itemListElement":[{"@type":"ListItem","position":1,"name":"Home","item":"http:\/\/chcembytkrasna.sk\/"},{"@type":"ListItem","position":2,"name":"Met\u00f3dy"}]}]}},"_links":{"self":[{"href":"http:\/\/chcembytkrasna.sk\/index.php?rest_route=\/wp\/v2\/pages\/23"}],"collection":[{"href":"http:\/\/chcembytkrasna.sk\/index.php?rest_route=\/wp\/v2\/pages"}],"about":[{"href":"http:\/\/chcembytkrasna.sk\/index.php?rest_route=\/wp\/v2\/types\/page"}],"author":[{"embeddable":true,"href":"http:\/\/chcembytkrasna.sk\/index.php?rest_route=\/wp\/v2\/users\/1"}],"replies":[{"embeddable":true,"href":"http:\/\/chcembytkrasna.sk\/index.php?rest_route=%2Fwp%2Fv2%2Fcomments&post=23"}],"version-history":[{"count":6,"href":"http:\/\/chcembytkrasna.sk\/index.php?rest_route=\/wp\/v2\/pages\/23\/revisions"}],"predecessor-version":[{"id":1480,"href":"http:\/\/chcembytkrasna.sk\/index.php?rest_route=\/wp\/v2\/pages\/23\/revisions\/1480"}],"wp:attachment":[{"href":"http:\/\/chcembytkrasna.sk\/index.php?rest_route=%2Fwp%2Fv2%2Fmedia&parent=23"}],"curies":[{"name":"wp","href":"https:\/\/api.w.org\/{rel}","templated":true}]}}